{"id":3965,"date":"2025-07-07T09:15:09","date_gmt":"2025-07-07T08:15:09","guid":{"rendered":"http:\/\/agencfy.cluster100.hosting.ovh.net\/?page_id=3965"},"modified":"2026-01-29T12:06:54","modified_gmt":"2026-01-29T11:06:54","slug":"lagence","status":"publish","type":"page","link":"https:\/\/agencesaintmichel.com\/index.php\/lagence\/","title":{"rendered":"L&rsquo;Agence"},"content":{"rendered":"\n<figure class=\"wp-block-gallery aligncenter has-nested-images columns-default is-cropped wp-block-gallery-1 is-layout-flex wp-block-gallery-is-layout-flex\">\n<figure class=\"wp-block-image size-full is-style-default\"><img loading=\"lazy\" decoding=\"async\" width=\"900\" height=\"400\" data-id=\"3840\" src=\"http:\/\/agencfy.cluster100.hosting.ovh.net\/wp-content\/uploads\/2025\/07\/ASM3.jpg\" alt=\"\" class=\"wp-image-3840\" srcset=\"https:\/\/agencesaintmichel.com\/wp-content\/uploads\/2025\/07\/ASM3.jpg 900w, https:\/\/agencesaintmichel.com\/wp-content\/uploads\/2025\/07\/ASM3-300x133.jpg 300w, https:\/\/agencesaintmichel.com\/wp-content\/uploads\/2025\/07\/ASM3-768x341.jpg 768w\" sizes=\"auto, (max-width: 900px) 100vw, 900px\" \/><\/figure>\n<\/figure>\n\n\n\n<div style=\"height:33px\" aria-hidden=\"true\" class=\"wp-block-spacer\"><\/div>\n\n\n\n<h2 class=\"wp-block-heading has-text-align-center has-large-font-size\"><strong>L&rsquo;Agence Saint Michel: Votre Partenaire Immobilier<\/strong><\/h2>\n\n\n\n<div style=\"height:41px\" aria-hidden=\"true\" class=\"wp-block-spacer\"><\/div>\n\n\n\n<p class=\"has-medium-font-size\">Votre partenaire immobilier de confiance depuis plus de&nbsp;50 ans \u00e0 La Turbie !<br>Vous appr\u00e9cierez notre connaissance du march\u00e9 et notre large zone d\u2019action couvrant les&nbsp;communes limitrophes de Monaco : La Turbie, Cap d\u2019Ail, Beausoleil et Roquebrune Cap&nbsp;Martin, mais aussi les communes environnantes comme Menton, Eze, Villefranche sur Mer,&nbsp;et tout l\u2019arri\u00e8re-pays proche avec Peille, Laghet etc\u2026<br>Fort de notre longue exp\u00e9rience dans le domaine de l&rsquo;immobilier, nous sommes fiers de vous&nbsp;offrir un service exceptionnel et des conseils d&rsquo;experts pour toutes vos transactions&nbsp;immobili\u00e8res. Notre engagement envers nos clients, notre passion pour l&rsquo;immobilier et notre&nbsp;connaissance approfondie du march\u00e9 local font de nous l&rsquo;agence de r\u00e9f\u00e9rence dans la&nbsp;r\u00e9gion.<br>Depuis nos modestes d\u00e9buts, nous avons \u00e9tabli une solide r\u00e9putation en offrant un service&nbsp;personnalis\u00e9 et en veillant aux int\u00e9r\u00eats de nos clients.<br>Que vous souhaitiez acheter, vendre ou louer une propri\u00e9t\u00e9 \u00e0 La Turbie ou dans les&nbsp;environs, nous mettons \u00e0 votre disposition notre expertise approfondie du march\u00e9 local.&nbsp;Nous comprenons que chaque transaction immobili\u00e8re est unique, c&rsquo;est pourquoi nous&nbsp;prenons le temps de vous \u00e9couter, de comprendre vos besoins et de vous fournir des&nbsp;solutions sur mesure.<br>En tant qu&rsquo;agence immobili\u00e8re \u00e9tablie depuis presque un demi-si\u00e8cle, nous avons d\u00e9velopp\u00e9&nbsp;un r\u00e9seau \u00e9tendu de contacts dans le secteur. Nous travaillons en collaboration avec des&nbsp;partenaires fiables pour vous offrir une exp\u00e9rience compl\u00e8te et sans souci.&nbsp;<br>Anne RODELATO, responsable de l\u2019agence, est titulaire d\u2019une ma\u00eetrise de Droit priv\u00e9 et a&nbsp;commenc\u00e9 \u00e0 travailler dans l\u2019agence en 1991 comme commerciale salari\u00e9e. Puis elle a&nbsp;rachet\u00e9 l\u2019agence en octobre 1994.<br>Elle s\u2019engage \u00e0 offrir un service client de premier ordre, en mettant l&rsquo;accent sur l&rsquo;int\u00e9grit\u00e9, la&nbsp;transparence et la satisfaction du client. Son objectif : d\u00e9passer vos attentes et vous guider&nbsp;vers la r\u00e9alisation de vos objectifs immobiliers en vous offrant une tranquillit\u00e9 d&rsquo;esprit tout au&nbsp;long du processus.<br>Contactez-nous d\u00e8s aujourd&rsquo;hui pour discuter de vos besoins immobiliers. L&rsquo;Agence Saint&nbsp;Michel est l\u00e0 pour vous offrir une expertise in\u00e9gal\u00e9e, une exp\u00e9rience de premier ordre et un&nbsp;service personnalis\u00e9. Faites confiance \u00e0 notre exp\u00e9rience pour faire de vos r\u00eaves&nbsp;immobiliers une r\u00e9alit\u00e9.<br>Plus de 50 ans\u2026 Ce n\u2019est pas un hasard !!!<\/p>\n\n\n\n<div class=\"wp-block-columns is-layout-flex wp-container-core-columns-is-layout-9d6595d7 wp-block-columns-is-layout-flex\">\n<div class=\"wp-block-column is-layout-flow wp-block-column-is-layout-flow\"><div class=\"wp-block-image\">\n<figure class=\"alignright size-full is-resized\"><img loading=\"lazy\" decoding=\"async\" width=\"1916\" height=\"1190\" src=\"https:\/\/agencesaintmichel.com\/wp-content\/uploads\/2025\/07\/cropped-cropped-Logo.webp\" alt=\"\" class=\"wp-image-4327\" style=\"width:306px;height:auto\" srcset=\"https:\/\/agencesaintmichel.com\/wp-content\/uploads\/2025\/07\/cropped-cropped-Logo.webp 1916w, https:\/\/agencesaintmichel.com\/wp-content\/uploads\/2025\/07\/cropped-cropped-Logo-300x186.webp 300w, https:\/\/agencesaintmichel.com\/wp-content\/uploads\/2025\/07\/cropped-cropped-Logo-1024x636.webp 1024w, https:\/\/agencesaintmichel.com\/wp-content\/uploads\/2025\/07\/cropped-cropped-Logo-768x477.webp 768w, https:\/\/agencesaintmichel.com\/wp-content\/uploads\/2025\/07\/cropped-cropped-Logo-1536x954.webp 1536w\" sizes=\"auto, (max-width: 1916px) 100vw, 1916px\" \/><\/figure>\n<\/div><\/div>\n\n\n\n<div class=\"wp-block-column is-layout-flow wp-block-column-is-layout-flow\">\n<p class=\"has-medium-font-size\"><strong>Agence Saint-Michel<\/strong><br>17 Rue des Hauts de Monte Carlo<br>06320 La Turbie<br>France<br>+33 4 93 41 00 51<br>+33 6 80 86 24 33<br><a href=\"mailto:agencesaintmichel.06320@gmail.com\">contact@agencesaintmichel.com<\/a><\/p>\n\n\n\n<p><\/p>\n<\/div>\n<\/div>\n\n\n\n<p><\/p>\n","protected":false},"excerpt":{"rendered":"<p>L&rsquo;Agence Saint Michel: Votre Partenaire Immobilier Votre partenaire immobilier de confiance depuis plus de&nbsp;50 ans \u00e0 La Turbie !Vous appr\u00e9cierez notre connaissance du march\u00e9 et notre large zone d\u2019action couvrant les&nbsp;communes limitrophes de Monaco : La Turbie, Cap d\u2019Ail, Beausoleil et Roquebrune Cap&nbsp;Martin, mais aussi les communes environnantes comme Menton,<\/p>\n","protected":false},"author":1,"featured_media":3853,"parent":0,"menu_order":0,"comment_status":"closed","ping_status":"closed","template":"","meta":{"footnotes":""},"class_list":["post-3965","page","type-page","status-publish","has-post-thumbnail","hentry"],"_links":{"self":[{"href":"https:\/\/agencesaintmichel.com\/index.php\/wp-json\/wp\/v2\/pages\/3965","targetHints":{"allow":["GET"]}}],"collection":[{"href":"https:\/\/agencesaintmichel.com\/index.php\/wp-json\/wp\/v2\/pages"}],"about":[{"href":"https:\/\/agencesaintmichel.com\/index.php\/wp-json\/wp\/v2\/types\/page"}],"author":[{"embeddable":true,"href":"https:\/\/agencesaintmichel.com\/index.php\/wp-json\/wp\/v2\/users\/1"}],"replies":[{"embeddable":true,"href":"https:\/\/agencesaintmichel.com\/index.php\/wp-json\/wp\/v2\/comments?post=3965"}],"version-history":[{"count":28,"href":"https:\/\/agencesaintmichel.com\/index.php\/wp-json\/wp\/v2\/pages\/3965\/revisions"}],"predecessor-version":[{"id":4377,"href":"https:\/\/agencesaintmichel.com\/index.php\/wp-json\/wp\/v2\/pages\/3965\/revisions\/4377"}],"wp:featuredmedia":[{"embeddable":true,"href":"https:\/\/agencesaintmichel.com\/index.php\/wp-json\/wp\/v2\/media\/3853"}],"wp:attachment":[{"href":"https:\/\/agencesaintmichel.com\/index.php\/wp-json\/wp\/v2\/media?parent=3965"}],"curies":[{"name":"wp","href":"https:\/\/api.w.org\/{rel}","templated":true}]}}