{"id":3975,"date":"2025-07-07T09:39:37","date_gmt":"2025-07-07T08:39:37","guid":{"rendered":"http:\/\/agencfy.cluster100.hosting.ovh.net\/?page_id=3975"},"modified":"2025-07-10T12:18:04","modified_gmt":"2025-07-10T10:18:04","slug":"avis-de-valeur","status":"publish","type":"page","link":"https:\/\/agencesaintmichel.com\/index.php\/avis-de-valeur\/","title":{"rendered":"Avis de valeur"},"content":{"rendered":"<div class=\"wp-block-image\">\n<figure class=\"aligncenter size-full\"><img loading=\"lazy\" decoding=\"async\" width=\"900\" height=\"400\" src=\"http:\/\/agencfy.cluster100.hosting.ovh.net\/wp-content\/uploads\/2025\/07\/ASM1.jpg\" alt=\"\" class=\"wp-image-3834\" srcset=\"https:\/\/agencesaintmichel.com\/wp-content\/uploads\/2025\/07\/ASM1.jpg 900w, https:\/\/agencesaintmichel.com\/wp-content\/uploads\/2025\/07\/ASM1-300x133.jpg 300w, https:\/\/agencesaintmichel.com\/wp-content\/uploads\/2025\/07\/ASM1-768x341.jpg 768w\" sizes=\"auto, (max-width: 900px) 100vw, 900px\" \/><\/figure>\n<\/div>\n\n\n<div style=\"height:46px\" aria-hidden=\"true\" class=\"wp-block-spacer\"><\/div>\n\n\n\n<h2 class=\"wp-block-heading has-text-align-center\"><mark style=\"background-color:rgba(0, 0, 0, 0);color:#0b4d96\" class=\"has-inline-color\">Avis de valeur<\/mark><\/h2>\n\n\n\n<div style=\"height:31px\" aria-hidden=\"true\" class=\"wp-block-spacer\"><\/div>\n\n\n\n<p style=\"font-size:18px\">Les avis de valeur immobili\u00e8re sont des outils essentiels dans le domaine de l&rsquo;immobilier. Ils fournissent une estimation professionnelle et objective de la valeur marchande d&rsquo;une propri\u00e9t\u00e9. Que vous soyez un propri\u00e9taire souhaitant vendre votre bien, un acheteur en qu\u00eate de transparence ou un investisseur \u00e9valuant la rentabilit\u00e9 d&rsquo;un projet, un avis de valeur est un instrument cl\u00e9 pour prendre des d\u00e9cisions \u00e9clair\u00e9es.&nbsp;<\/p>\n\n\n\n<p style=\"font-size:18px\">Remplissez le formulaire pour plus d\u2019informations:<\/p>\n\n\n<div class=\"wpforms-container wpforms-container-full wpforms-block wpforms-block-88c1228e-c226-42d8-9649-e1b288cfb966 wpforms-render-modern\" id=\"wpforms-3959\"><form id=\"wpforms-form-3959\" class=\"wpforms-validate wpforms-form wpforms-ajax-form\" data-formid=\"3959\" method=\"post\" enctype=\"multipart\/form-data\" action=\"\/index.php\/wp-json\/wp\/v2\/pages\/3975\" data-token=\"4103ccf1b0e57de921c52a371f8fc426\" data-token-time=\"1776304552\"><noscript class=\"wpforms-error-noscript\">Veuillez activer JavaScript dans votre navigateur pour remplir ce formulaire.<\/noscript><div id=\"wpforms-error-noscript\" style=\"display: none;\">Veuillez activer JavaScript dans votre navigateur pour remplir ce formulaire.<\/div><div class=\"wpforms-field-container\"><div id=\"wpforms-3959-field_1-container\" class=\"wpforms-field wpforms-field-name\" data-field-id=\"1\"><fieldset><legend class=\"wpforms-field-label\">Nom <span class=\"wpforms-required-label\" aria-hidden=\"true\">*<\/span><\/legend><div class=\"wpforms-field-row wpforms-field-medium\"><div class=\"wpforms-field-row-block wpforms-first wpforms-one-half\"><input type=\"text\" id=\"wpforms-3959-field_1\" class=\"wpforms-field-name-first wpforms-field-required\" name=\"wpforms[fields][1][first]\" aria-errormessage=\"wpforms-3959-field_1-error\" required><label for=\"wpforms-3959-field_1\" class=\"wpforms-field-sublabel after\">Pr\u00e9nom<\/label><\/div><div class=\"wpforms-field-row-block wpforms-one-half\"><input type=\"text\" id=\"wpforms-3959-field_1-last\" class=\"wpforms-field-name-last wpforms-field-required\" name=\"wpforms[fields][1][last]\" aria-errormessage=\"wpforms-3959-field_1-last-error\" required><label for=\"wpforms-3959-field_1-last\" class=\"wpforms-field-sublabel after\">Nom<\/label><\/div><\/div><\/fieldset><\/div>\t\t<div id=\"wpforms-3959-field_5-container\"\n\t\t\tclass=\"wpforms-field wpforms-field-text\"\n\t\t\tdata-field-type=\"text\"\n\t\t\tdata-field-id=\"5\"\n\t\t\t>\n\t\t\t<label class=\"wpforms-field-label\" for=\"wpforms-3959-field_5\" >Nom message Courriel<\/label>\n\t\t\t<input type=\"text\" id=\"wpforms-3959-field_5\" class=\"wpforms-field-medium\" name=\"wpforms[fields][5]\" >\n\t\t<\/div>\n\t\t<div id=\"wpforms-3959-field_4-container\" class=\"wpforms-field wpforms-field-text\" data-field-id=\"4\"><label class=\"wpforms-field-label\" for=\"wpforms-3959-field_4\">Portable \/ T\u00e9l\u00e9phone <span class=\"wpforms-required-label\" aria-hidden=\"true\">*<\/span><\/label><input type=\"text\" id=\"wpforms-3959-field_4\" class=\"wpforms-field-medium wpforms-field-required\" name=\"wpforms[fields][4]\" aria-errormessage=\"wpforms-3959-field_4-error\" required><\/div><div id=\"wpforms-3959-field_2-container\" class=\"wpforms-field wpforms-field-email\" data-field-id=\"2\"><label class=\"wpforms-field-label\" for=\"wpforms-3959-field_2\">Courriel <span class=\"wpforms-required-label\" aria-hidden=\"true\">*<\/span><\/label><input type=\"email\" id=\"wpforms-3959-field_2\" class=\"wpforms-field-medium wpforms-field-required\" name=\"wpforms[fields][2]\" spellcheck=\"false\" aria-errormessage=\"wpforms-3959-field_2-error\" required><\/div><div id=\"wpforms-3959-field_3-container\" class=\"wpforms-field wpforms-field-textarea\" data-field-id=\"3\"><label class=\"wpforms-field-label\" for=\"wpforms-3959-field_3\">Commentaire ou message<\/label><textarea id=\"wpforms-3959-field_3\" class=\"wpforms-field-medium\" name=\"wpforms[fields][3]\" aria-errormessage=\"wpforms-3959-field_3-error\" ><\/textarea><\/div><script>\n\t\t\t\t( function() {\n\t\t\t\t\tconst style = document.createElement( 'style' );\n\t\t\t\t\tstyle.appendChild( document.createTextNode( '#wpforms-3959-field_5-container { position: absolute !important; overflow: hidden !important; display: inline !important; height: 1px !important; width: 1px !important; z-index: -1000 !important; padding: 0 !important; } #wpforms-3959-field_5-container input { visibility: hidden; } #wpforms-conversational-form-page #wpforms-3959-field_5-container label { counter-increment: none; }' ) );\n\t\t\t\t\tdocument.head.appendChild( style );\n\t\t\t\t\tdocument.currentScript?.remove();\n\t\t\t\t} )();\n\t\t\t<\/script><\/div><!-- .wpforms-field-container --><div class=\"wpforms-recaptcha-container wpforms-is-hcaptcha\" ><div class=\"g-recaptcha\" data-sitekey=\"6430e808-8d00-43c2-8c42-bd42f2d00df2\"><\/div><input type=\"text\" name=\"g-recaptcha-hidden\" class=\"wpforms-recaptcha-hidden\" style=\"position:absolute!important;clip:rect(0,0,0,0)!important;height:1px!important;width:1px!important;border:0!important;overflow:hidden!important;padding:0!important;margin:0!important;\" data-rule-hcaptcha=\"1\"><\/div><div class=\"wpforms-submit-container\" ><input type=\"hidden\" name=\"wpforms[id]\" value=\"3959\"><input type=\"hidden\" name=\"page_title\" value=\"\"><input type=\"hidden\" name=\"page_url\" value=\"https:\/\/agencesaintmichel.com\/index.php\/wp-json\/wp\/v2\/pages\/3975\"><input type=\"hidden\" name=\"url_referer\" value=\"\"><button type=\"submit\" name=\"wpforms[submit]\" id=\"wpforms-submit-3959\" class=\"wpforms-submit\" data-alt-text=\"Envoi...\" data-submit-text=\"Envoyer\" aria-live=\"assertive\" value=\"wpforms-submit\">Envoyer<\/button><img loading=\"lazy\" decoding=\"async\" src=\"https:\/\/agencesaintmichel.com\/wp-content\/plugins\/wpforms-lite\/assets\/images\/submit-spin.svg\" class=\"wpforms-submit-spinner\" style=\"display: none;\" width=\"26\" height=\"26\" alt=\"Chargement en cours\"><\/div><\/form><\/div>  <!-- .wpforms-container -->","protected":false},"excerpt":{"rendered":"<p>Avis de valeur Les avis de valeur immobili\u00e8re sont des outils essentiels dans le domaine de l&rsquo;immobilier. Ils fournissent une estimation professionnelle et objective de la valeur marchande d&rsquo;une propri\u00e9t\u00e9. Que vous soyez un propri\u00e9taire souhaitant vendre votre bien, un acheteur en qu\u00eate de transparence ou un investisseur \u00e9valuant la<\/p>\n","protected":false},"author":1,"featured_media":0,"parent":0,"menu_order":0,"comment_status":"closed","ping_status":"closed","template":"","meta":{"footnotes":""},"class_list":["post-3975","page","type-page","status-publish","hentry"],"_links":{"self":[{"href":"https:\/\/agencesaintmichel.com\/index.php\/wp-json\/wp\/v2\/pages\/3975","targetHints":{"allow":["GET"]}}],"collection":[{"href":"https:\/\/agencesaintmichel.com\/index.php\/wp-json\/wp\/v2\/pages"}],"about":[{"href":"https:\/\/agencesaintmichel.com\/index.php\/wp-json\/wp\/v2\/types\/page"}],"author":[{"embeddable":true,"href":"https:\/\/agencesaintmichel.com\/index.php\/wp-json\/wp\/v2\/users\/1"}],"replies":[{"embeddable":true,"href":"https:\/\/agencesaintmichel.com\/index.php\/wp-json\/wp\/v2\/comments?post=3975"}],"version-history":[{"count":13,"href":"https:\/\/agencesaintmichel.com\/index.php\/wp-json\/wp\/v2\/pages\/3975\/revisions"}],"predecessor-version":[{"id":4323,"href":"https:\/\/agencesaintmichel.com\/index.php\/wp-json\/wp\/v2\/pages\/3975\/revisions\/4323"}],"wp:attachment":[{"href":"https:\/\/agencesaintmichel.com\/index.php\/wp-json\/wp\/v2\/media?parent=3975"}],"curies":[{"name":"wp","href":"https:\/\/api.w.org\/{rel}","templated":true}]}}