{"id":4004,"date":"2025-07-07T11:14:39","date_gmt":"2025-07-07T10:14:39","guid":{"rendered":"http:\/\/agencfy.cluster100.hosting.ovh.net\/?page_id=4004"},"modified":"2025-07-07T12:59:49","modified_gmt":"2025-07-07T11:59:49","slug":"utilisation-des-cookies","status":"publish","type":"page","link":"https:\/\/agencesaintmichel.com\/index.php\/mentions-legales-2\/utilisation-des-cookies\/","title":{"rendered":"Utilisation des cookies"},"content":{"rendered":"\n<h2 class=\"wp-block-heading\">Utilisation des cookies<\/h2>\n\n\n\n<h3 class=\"wp-block-heading\">Qu&rsquo;est ce qu&rsquo;un cookie ?<\/h3>\n\n\n\n<p>Un cookie est un petit fichier texte que les sites web sauvegardent sur votre ordinateur ou appareil mobile lorsque vous les consultez. Il permet \u00e0 ces sites de m\u00e9moriser vos actions et pr\u00e9f\u00e9rences (nom d&rsquo;utilisateur, langue, taille des caract\u00e8res et autres param\u00e8tres d&rsquo;affichage) pendant un temps donn\u00e9, pour que vous n&rsquo;ayez pas \u00e0 r\u00e9indiquer ces informations \u00e0 chaque fois que vous consultez ces sites ou naviguez d&rsquo;une page \u00e0 une autre.<\/p>\n\n\n\n<h3 class=\"wp-block-heading\">Comment puis-je d\u00e9sactiver les cookies ?<\/h3>\n\n\n\n<p>Vous pouvez contr\u00f4ler et\/ou supprimer des cookies comme vous le souhaitez. Pour en savoir plus, consultez&nbsp;<a href=\"https:\/\/www.aboutcookies.org\/\" target=\"_blank\" rel=\"noreferrer noopener\">aboutcookies.org<\/a>. Vous avez la possibilit\u00e9 de supprimer tous les cookies d\u00e9j\u00e0 stock\u00e9s sur votre ordinateur et de configurer la plupart des navigateurs pour qu&rsquo;ils les bloquent. Toutefois, dans ce cas, vous devrez peut-\u00eatre indiquer vous-m\u00eames certaines pr\u00e9f\u00e9rences chaque fois que vous vous rendrez sur un site, et certains services et fonctionnalit\u00e9s risquent de ne pas \u00eatre accessibles.<\/p>\n\n\n\n<h3 class=\"wp-block-heading\">Pourquoi utilise-t-on des cookies ?<\/h3>\n\n\n\n<p>Nous utilisons des cookies pour notamment :<\/p>\n\n\n\n<p>G\u00e9rer vos pr\u00e9f\u00e9rences lors de la navigation sur le site<\/p>\n\n\n\n<p>Am\u00e9liorer nos services et permettre une mesure de l&rsquo;audience<\/p>\n\n\n\n<p>D&rsquo;autres cookies peuvent \u00eatre ajout\u00e9s par des applications tierces tel que les boutons de partages des r\u00e9seaux sociaux.<\/p>\n","protected":false},"excerpt":{"rendered":"<p>Utilisation des cookies Qu&rsquo;est ce qu&rsquo;un cookie ? Un cookie est un petit fichier texte que les sites web sauvegardent sur votre ordinateur ou appareil mobile lorsque vous les consultez. Il permet \u00e0 ces sites de m\u00e9moriser vos actions et pr\u00e9f\u00e9rences (nom d&rsquo;utilisateur, langue, taille des caract\u00e8res et autres param\u00e8tres<\/p>\n","protected":false},"author":1,"featured_media":0,"parent":4035,"menu_order":0,"comment_status":"closed","ping_status":"closed","template":"","meta":{"footnotes":""},"class_list":["post-4004","page","type-page","status-publish","hentry"],"_links":{"self":[{"href":"https:\/\/agencesaintmichel.com\/index.php\/wp-json\/wp\/v2\/pages\/4004","targetHints":{"allow":["GET"]}}],"collection":[{"href":"https:\/\/agencesaintmichel.com\/index.php\/wp-json\/wp\/v2\/pages"}],"about":[{"href":"https:\/\/agencesaintmichel.com\/index.php\/wp-json\/wp\/v2\/types\/page"}],"author":[{"embeddable":true,"href":"https:\/\/agencesaintmichel.com\/index.php\/wp-json\/wp\/v2\/users\/1"}],"replies":[{"embeddable":true,"href":"https:\/\/agencesaintmichel.com\/index.php\/wp-json\/wp\/v2\/comments?post=4004"}],"version-history":[{"count":1,"href":"https:\/\/agencesaintmichel.com\/index.php\/wp-json\/wp\/v2\/pages\/4004\/revisions"}],"predecessor-version":[{"id":4005,"href":"https:\/\/agencesaintmichel.com\/index.php\/wp-json\/wp\/v2\/pages\/4004\/revisions\/4005"}],"up":[{"embeddable":true,"href":"https:\/\/agencesaintmichel.com\/index.php\/wp-json\/wp\/v2\/pages\/4035"}],"wp:attachment":[{"href":"https:\/\/agencesaintmichel.com\/index.php\/wp-json\/wp\/v2\/media?parent=4004"}],"curies":[{"name":"wp","href":"https:\/\/api.w.org\/{rel}","templated":true}]}}