{"id":4006,"date":"2025-07-07T11:16:58","date_gmt":"2025-07-07T10:16:58","guid":{"rendered":"http:\/\/agencfy.cluster100.hosting.ovh.net\/?page_id=4006"},"modified":"2025-07-07T13:03:31","modified_gmt":"2025-07-07T12:03:31","slug":"mentions-legales","status":"publish","type":"page","link":"https:\/\/agencesaintmichel.com\/index.php\/mentions-legales-2\/mentions-legales\/","title":{"rendered":"Mentions l\u00e9gales"},"content":{"rendered":"\n<p>Conform\u00e9ment aux dispositions des articles 6-III et 19 de la loi pour la Confiance dans l&rsquo;\u00c9conomie Num\u00e9rique, ainsi que l\u2019arr\u00eat\u00e9 du 10 janvier 2017 relatif \u00e0 l\u2019information des consommateurs par les professionnels intervenant dans une transaction immobili\u00e8re. Nous vous informons que <br><a href=\"http:\/\/agencfy.cluster100.hosting.ovh.net\/index.php\/honoraires\/\" data-type=\"page\" data-id=\"3998\">Notre bar\u00e8me tarifaire est disponible sur notre site<\/a>, ou sur simple demande par e-mail, courrier, t\u00e9l\u00e9phone ou depuis la rubrique contact.<\/p>\n\n\n\n<h2 class=\"wp-block-heading\">\u00c9diteur<\/h2>\n\n\n\n<p>Agence Saint-Michel<br>17 Rue des Hauts de Monte Carlo<br>06320 La Turbie<br>France<br>t\u00e9l : +33 4 93 41 00 51<br>Tribunal de commerce : 39862949300022<br>Chambre de commerce : CPI 0605 2016 000 010 257<br>Responsabilit\u00e9 civile : AXA Contrat n\u00b0 0000000927907404 &#8211; 313 Terrasses de l&rsquo;Arche, 92727 NANTERRE, Inscrit au registre unique des interm\u00e9diaires en assurance, banque et finance (ORIAS) sous le n\u00b0 13004246, SIREN 722057460 &#8211; Code NAF 6512Z<br>M\u00e9diateur : CM2C Association, domicili\u00e9e 14 rue Saint Jean, 75017 PARIS, t\u00e9l\u00e9phone : 0189470014 &#8211; Adresse mail du m\u00e9diateur : cm2c@cm2c.net &#8211; https:\/\/www.cm2c.net\/<\/p>\n\n\n\n<h2 class=\"wp-block-heading\">H\u00e9bergeur<\/h2>\n\n\n\n<p>OVH<br>SAS au capital de 50 000 000 \u20ac<br>RCS Lille M\u00e9tropole 424 761 419 00045<br>Code APE 2620Z<br>N\u00b0 TVA : FR 22 424 761 419<br>Si\u00e8ge social : 2 rue Kellermann &#8211; 59100 Roubaix &#8211; France<br>OVH SAS est une filiale de la soci\u00e9t\u00e9 OVH Groupe SA, soci\u00e9t\u00e9 immatricul\u00e9e au RCS de Lille sous le num\u00e9ro 537 407 926 sise 2, rue Kellermann, 59100 Roubaix.<br>Directeur de la publication\u00a0:\u00a0Benjamin Revcolevschi<br>Ce site est h\u00e9berg\u00e9 par OVH SAS 2 rue Kellermann &#8211; 59100 Roubaix &#8211; France<\/p>\n\n\n\n<p><\/p>\n","protected":false},"excerpt":{"rendered":"<p>Conform\u00e9ment aux dispositions des articles 6-III et 19 de la loi pour la Confiance dans l&rsquo;\u00c9conomie Num\u00e9rique, ainsi que l\u2019arr\u00eat\u00e9 du 10 janvier 2017 relatif \u00e0 l\u2019information des consommateurs par les professionnels intervenant dans une transaction immobili\u00e8re. Nous vous informons que Notre bar\u00e8me tarifaire est disponible sur notre site, ou<\/p>\n","protected":false},"author":1,"featured_media":0,"parent":4035,"menu_order":0,"comment_status":"closed","ping_status":"closed","template":"","meta":{"footnotes":""},"class_list":["post-4006","page","type-page","status-publish","hentry"],"_links":{"self":[{"href":"https:\/\/agencesaintmichel.com\/index.php\/wp-json\/wp\/v2\/pages\/4006","targetHints":{"allow":["GET"]}}],"collection":[{"href":"https:\/\/agencesaintmichel.com\/index.php\/wp-json\/wp\/v2\/pages"}],"about":[{"href":"https:\/\/agencesaintmichel.com\/index.php\/wp-json\/wp\/v2\/types\/page"}],"author":[{"embeddable":true,"href":"https:\/\/agencesaintmichel.com\/index.php\/wp-json\/wp\/v2\/users\/1"}],"replies":[{"embeddable":true,"href":"https:\/\/agencesaintmichel.com\/index.php\/wp-json\/wp\/v2\/comments?post=4006"}],"version-history":[{"count":2,"href":"https:\/\/agencesaintmichel.com\/index.php\/wp-json\/wp\/v2\/pages\/4006\/revisions"}],"predecessor-version":[{"id":4009,"href":"https:\/\/agencesaintmichel.com\/index.php\/wp-json\/wp\/v2\/pages\/4006\/revisions\/4009"}],"up":[{"embeddable":true,"href":"https:\/\/agencesaintmichel.com\/index.php\/wp-json\/wp\/v2\/pages\/4035"}],"wp:attachment":[{"href":"https:\/\/agencesaintmichel.com\/index.php\/wp-json\/wp\/v2\/media?parent=4006"}],"curies":[{"name":"wp","href":"https:\/\/api.w.org\/{rel}","templated":true}]}}